{"id":80,"date":"2017-12-19T01:14:48","date_gmt":"2017-12-19T01:14:48","guid":{"rendered":"http:\/\/gutachter-flori.de\/?page_id=80"},"modified":"2025-12-11T12:03:57","modified_gmt":"2025-12-11T12:03:57","slug":"adresse","status":"publish","type":"page","link":"http:\/\/www.gutachter-flori.de\/?page_id=80","title":{"rendered":"Adresse"},"content":{"rendered":"<p>Sie finden uns im:<\/p>\n<p>Gockelweg 21<\/p>\n<p>12355 Berlin<\/p>\n<p>&nbsp;<\/p>\n<p>\u00d6ffentliche Verkehrsmittel:<\/p>\n<p><span class=\"block\">Die n\u00e4chsten \u00f6ffentlichen Verkehrsmittel befinden sich am <\/span><\/p>\n<p><span class=\"block\">U-Bhf Rudow (U7)<\/span><\/p>\n<p><span class=\"block\">oder <\/span><\/p>\n<p><span class=\"block\">Bus 271 &#8211; Kapaunenstr (ca. 500m)<br \/>\n<\/span><\/p>\n<p>&nbsp;<\/p>\n<p><span style=\"color: #ff0000;\"><strong>Wichtige Ank\u00fcndigung:<\/strong><\/span><\/p>\n<p>Ab dem 01.02.2026 ist folgende Adresse g\u00fcltig:<\/p>\n<p>Heusingerstra\u00dfe 12<br \/>\n12107 Berlin<\/p>\n<p>Sie erreichen uns dann mit folgenden Verkehrmitteln in Marienfelde:<\/p>\n<ul class=\"KsbFXc U6u95\" data-processed=\"true\" data-complete=\"true\">\n<li data-hveid=\"CAEIBBAA\" data-complete=\"true\" data-sae=\"\"><span class=\"T286Pc\" data-sfc-cp=\"\" data-complete=\"true\"><strong class=\"Yjhzub\" data-complete=\"true\">S-Bahn:<\/strong> Die n\u00e4chstgelegene Station ist S-Bahnhof Marienfelde (S2).<\/span><\/li>\n<li data-hveid=\"CAEIBBAB\" data-complete=\"true\" data-sae=\"\"><span class=\"T286Pc\" data-sfc-cp=\"\" data-complete=\"true\"><strong class=\"Yjhzub\" data-complete=\"true\">Bus:<\/strong> Die n\u00e4chstgelegene Bushaltestelle Forddamm (Linien M77 und 277)<\/span><\/li>\n<\/ul>\n<table id=\"detailsTable_C0-0\" class=\"detailsTable\" style=\"height: 10px;\" summary=\"Einzelheiten der vorstehenden Verbindung\" width=\"333\">\n<tbody>\n<tr class=\"tpDetails intermediateSection\">\n<td class=\"ivuMapLinks\" rowspan=\"2\"><\/td>\n<td class=\"station\" rowspan=\"2\"><\/td>\n<\/tr>\n<\/tbody>\n<\/table>\n<p><span class=\"block\">\u00a0<\/span><\/p>\n","protected":false},"excerpt":{"rendered":"<p>Sie finden uns im: Gockelweg 21 12355 Berlin &nbsp; \u00d6ffentliche Verkehrsmittel: Die n\u00e4chsten \u00f6ffentlichen Verkehrsmittel befinden sich am U-Bhf Rudow (U7) oder Bus 271 &#8211; Kapaunenstr (ca. 500m) &nbsp; Wichtige Ank\u00fcndigung: Ab dem 01.02.2026 ist folgende Adresse g\u00fcltig: Heusingerstra\u00dfe 12 12107 Berlin Sie erreichen uns dann mit folgenden Verkehrmitteln in Marienfelde: S-Bahn: Die n\u00e4chstgelegene Station &hellip; <\/p>\n<p class=\"link-more\"><a href=\"http:\/\/www.gutachter-flori.de\/?page_id=80\" class=\"more-link\"><span class=\"screen-reader-text\">\u201eAdresse\u201c<\/span> weiterlesen<\/a><\/p>\n","protected":false},"author":1,"featured_media":0,"parent":0,"menu_order":0,"comment_status":"closed","ping_status":"closed","template":"","meta":{"footnotes":""},"class_list":["post-80","page","type-page","status-publish","hentry"],"_links":{"self":[{"href":"http:\/\/www.gutachter-flori.de\/index.php?rest_route=\/wp\/v2\/pages\/80","targetHints":{"allow":["GET"]}}],"collection":[{"href":"http:\/\/www.gutachter-flori.de\/index.php?rest_route=\/wp\/v2\/pages"}],"about":[{"href":"http:\/\/www.gutachter-flori.de\/index.php?rest_route=\/wp\/v2\/types\/page"}],"author":[{"embeddable":true,"href":"http:\/\/www.gutachter-flori.de\/index.php?rest_route=\/wp\/v2\/users\/1"}],"replies":[{"embeddable":true,"href":"http:\/\/www.gutachter-flori.de\/index.php?rest_route=%2Fwp%2Fv2%2Fcomments&post=80"}],"version-history":[{"count":3,"href":"http:\/\/www.gutachter-flori.de\/index.php?rest_route=\/wp\/v2\/pages\/80\/revisions"}],"predecessor-version":[{"id":166,"href":"http:\/\/www.gutachter-flori.de\/index.php?rest_route=\/wp\/v2\/pages\/80\/revisions\/166"}],"wp:attachment":[{"href":"http:\/\/www.gutachter-flori.de\/index.php?rest_route=%2Fwp%2Fv2%2Fmedia&parent=80"}],"curies":[{"name":"wp","href":"https:\/\/api.w.org\/{rel}","templated":true}]}}