{"id":34,"date":"2017-12-18T23:54:06","date_gmt":"2017-12-18T23:54:06","guid":{"rendered":"http:\/\/gutachter-flori.de\/?page_id=34"},"modified":"2025-12-11T11:28:27","modified_gmt":"2025-12-11T11:28:27","slug":"impressum","status":"publish","type":"page","link":"http:\/\/www.gutachter-flori.de\/?page_id=34","title":{"rendered":"Impressum"},"content":{"rendered":"<p>GT\u00dc<\/p>\n<p>Dipl.-Ing. (FH)<br \/>\nFlorian-Benjamin Zander<\/p>\n<p>Gockelweg 21<br \/>\n12355 Berlin<\/p>\n<p>(ab dem 01.02.2026 ist folgende Adresse g\u00fcltig:<\/p>\n<p>Heusingerstra\u00dfe 12<br \/>\n12107 Berlin )<\/p>\n<p>0173 7020413<\/p>\n","protected":false},"excerpt":{"rendered":"<p>GT\u00dc Dipl.-Ing. (FH) Florian-Benjamin Zander Gockelweg 21 12355 Berlin (ab dem 01.02.2026 ist folgende Adresse g\u00fcltig: Heusingerstra\u00dfe 12 12107 Berlin ) 0173 7020413<\/p>\n","protected":false},"author":1,"featured_media":51,"parent":0,"menu_order":0,"comment_status":"closed","ping_status":"closed","template":"","meta":{"footnotes":""},"class_list":["post-34","page","type-page","status-publish","has-post-thumbnail","hentry"],"_links":{"self":[{"href":"http:\/\/www.gutachter-flori.de\/index.php?rest_route=\/wp\/v2\/pages\/34","targetHints":{"allow":["GET"]}}],"collection":[{"href":"http:\/\/www.gutachter-flori.de\/index.php?rest_route=\/wp\/v2\/pages"}],"about":[{"href":"http:\/\/www.gutachter-flori.de\/index.php?rest_route=\/wp\/v2\/types\/page"}],"author":[{"embeddable":true,"href":"http:\/\/www.gutachter-flori.de\/index.php?rest_route=\/wp\/v2\/users\/1"}],"replies":[{"embeddable":true,"href":"http:\/\/www.gutachter-flori.de\/index.php?rest_route=%2Fwp%2Fv2%2Fcomments&post=34"}],"version-history":[{"count":6,"href":"http:\/\/www.gutachter-flori.de\/index.php?rest_route=\/wp\/v2\/pages\/34\/revisions"}],"predecessor-version":[{"id":157,"href":"http:\/\/www.gutachter-flori.de\/index.php?rest_route=\/wp\/v2\/pages\/34\/revisions\/157"}],"wp:featuredmedia":[{"embeddable":true,"href":"http:\/\/www.gutachter-flori.de\/index.php?rest_route=\/wp\/v2\/media\/51"}],"wp:attachment":[{"href":"http:\/\/www.gutachter-flori.de\/index.php?rest_route=%2Fwp%2Fv2%2Fmedia&parent=34"}],"curies":[{"name":"wp","href":"https:\/\/api.w.org\/{rel}","templated":true}]}}